{"id":1627,"date":"2025-07-07T14:54:49","date_gmt":"2025-07-07T14:54:49","guid":{"rendered":"http:\/\/groupseco.local\/about\/"},"modified":"2025-11-26T09:32:27","modified_gmt":"2025-11-26T09:32:27","slug":"a-propos","status":"publish","type":"page","link":"https:\/\/groupseco.be\/fr\/a-propos\/","title":{"rendered":"A propos"},"content":{"rendered":"","protected":false},"excerpt":{"rendered":"","protected":false},"author":1,"featured_media":0,"parent":0,"menu_order":0,"comment_status":"closed","ping_status":"closed","template":"template-landing.php","meta":{"_acf_changed":false,"inline_featured_image":false,"footnotes":""},"class_list":["post-1627","page","type-page","status-publish","hentry"],"acf":[],"yoast_head":"<!-- This site is optimized with the Yoast SEO plugin v25.8 - https:\/\/yoast.com\/wordpress\/plugins\/seo\/ -->\n<title>A propos - Group SECO<\/title>\n<meta name=\"description\" content=\"Dans les ann\u00e9es 1930, deux ponts s&#039;effondrent sur le Canal Albert. Le secteur de la construction s&#039;engage \u00e0 ce qu&#039;une telle catastrophe ne se produise plus jamais. C&#039;est ainsi que SECO est fond\u00e9, en tant qu&#039;organisme ind\u00e9pendant, \u00e0 l&#039;initiative de tous acteurs-cl\u00e9s de la construction belge et au service d&#039;une mission pr\u00e9cise : instaurer la confiance dans le secteur de la construction. Pr\u00e8s d&#039;un si\u00e8cle plus tard, notre expertise couvre l&#039;ensemble du cycle de vie du b\u00e2timent, au Benelux et dans le monde. G\u00e9n\u00e9rations apr\u00e8s g\u00e9n\u00e9rations, les experts de SECO \u00e9crivent une m\u00eame histoire : accompagner une construction de qualit\u00e9, innovante, et durable gr\u00e2ce \u00e0 notre expertise ind\u00e9pendante.\" \/>\n<meta name=\"robots\" content=\"index, follow, max-snippet:-1, max-image-preview:large, max-video-preview:-1\" \/>\n<link rel=\"canonical\" href=\"https:\/\/groupseco.be\/fr\/a-propos\/\" \/>\n<meta property=\"og:locale\" content=\"fr_FR\" \/>\n<meta property=\"og:type\" content=\"article\" \/>\n<meta property=\"og:title\" content=\"A propos - Group SECO\" \/>\n<meta property=\"og:description\" content=\"Dans les ann\u00e9es 1930, deux ponts s&#039;effondrent sur le Canal Albert. Le secteur de la construction s&#039;engage \u00e0 ce qu&#039;une telle catastrophe ne se produise plus jamais. C&#039;est ainsi que SECO est fond\u00e9, en tant qu&#039;organisme ind\u00e9pendant, \u00e0 l&#039;initiative de tous acteurs-cl\u00e9s de la construction belge et au service d&#039;une mission pr\u00e9cise : instaurer la confiance dans le secteur de la construction. Pr\u00e8s d&#039;un si\u00e8cle plus tard, notre expertise couvre l&#039;ensemble du cycle de vie du b\u00e2timent, au Benelux et dans le monde. G\u00e9n\u00e9rations apr\u00e8s g\u00e9n\u00e9rations, les experts de SECO \u00e9crivent une m\u00eame histoire : accompagner une construction de qualit\u00e9, innovante, et durable gr\u00e2ce \u00e0 notre expertise ind\u00e9pendante.\" \/>\n<meta property=\"og:url\" content=\"https:\/\/groupseco.be\/fr\/a-propos\/\" \/>\n<meta property=\"og:site_name\" content=\"Group SECO\" \/>\n<meta property=\"article:modified_time\" content=\"2025-11-26T09:32:27+00:00\" \/>\n<meta name=\"twitter:card\" content=\"summary_large_image\" \/>\n<script type=\"application\/ld+json\" class=\"yoast-schema-graph\">{\"@context\":\"https:\/\/schema.org\",\"@graph\":[{\"@type\":\"WebPage\",\"@id\":\"https:\/\/groupseco.be\/fr\/a-propos\/\",\"url\":\"https:\/\/groupseco.be\/fr\/a-propos\/\",\"name\":\"A propos - Group SECO\",\"isPartOf\":{\"@id\":\"https:\/\/groupseco.local\/#website\"},\"datePublished\":\"2025-07-07T14:54:49+00:00\",\"dateModified\":\"2025-11-26T09:32:27+00:00\",\"description\":\"Dans les ann\u00e9es 1930, deux ponts s'effondrent sur le Canal Albert. Le secteur de la construction s'engage \u00e0 ce qu'une telle catastrophe ne se produise plus jamais. C'est ainsi que SECO est fond\u00e9, en tant qu'organisme ind\u00e9pendant, \u00e0 l'initiative de tous acteurs-cl\u00e9s de la construction belge et au service d'une mission pr\u00e9cise : instaurer la confiance dans le secteur de la construction. Pr\u00e8s d'un si\u00e8cle plus tard, notre expertise couvre l'ensemble du cycle de vie du b\u00e2timent, au Benelux et dans le monde. G\u00e9n\u00e9rations apr\u00e8s g\u00e9n\u00e9rations, les experts de SECO \u00e9crivent une m\u00eame histoire : accompagner une construction de qualit\u00e9, innovante, et durable gr\u00e2ce \u00e0 notre expertise ind\u00e9pendante.\",\"breadcrumb\":{\"@id\":\"https:\/\/groupseco.be\/fr\/a-propos\/#breadcrumb\"},\"inLanguage\":\"fr-FR\",\"potentialAction\":[{\"@type\":\"ReadAction\",\"target\":[\"https:\/\/groupseco.be\/fr\/a-propos\/\"]}]},{\"@type\":\"BreadcrumbList\",\"@id\":\"https:\/\/groupseco.be\/fr\/a-propos\/#breadcrumb\",\"itemListElement\":[{\"@type\":\"ListItem\",\"position\":1,\"name\":\"Home\",\"item\":\"https:\/\/groupseco.be\/fr\/\"},{\"@type\":\"ListItem\",\"position\":2,\"name\":\"A propos\"}]},{\"@type\":\"WebSite\",\"@id\":\"https:\/\/groupseco.local\/#website\",\"url\":\"https:\/\/groupseco.local\/\",\"name\":\"SECO Belgium\",\"description\":\"\",\"potentialAction\":[{\"@type\":\"SearchAction\",\"target\":{\"@type\":\"EntryPoint\",\"urlTemplate\":\"https:\/\/groupseco.local\/?s={search_term_string}\"},\"query-input\":{\"@type\":\"PropertyValueSpecification\",\"valueRequired\":true,\"valueName\":\"search_term_string\"}}],\"inLanguage\":\"fr-FR\"}]}<\/script>\n<!-- \/ Yoast SEO plugin. -->","yoast_head_json":{"title":"A propos - Group SECO","description":"Dans les ann\u00e9es 1930, deux ponts s'effondrent sur le Canal Albert. Le secteur de la construction s'engage \u00e0 ce qu'une telle catastrophe ne se produise plus jamais. C'est ainsi que SECO est fond\u00e9, en tant qu'organisme ind\u00e9pendant, \u00e0 l'initiative de tous acteurs-cl\u00e9s de la construction belge et au service d'une mission pr\u00e9cise : instaurer la confiance dans le secteur de la construction. Pr\u00e8s d'un si\u00e8cle plus tard, notre expertise couvre l'ensemble du cycle de vie du b\u00e2timent, au Benelux et dans le monde. G\u00e9n\u00e9rations apr\u00e8s g\u00e9n\u00e9rations, les experts de SECO \u00e9crivent une m\u00eame histoire : accompagner une construction de qualit\u00e9, innovante, et durable gr\u00e2ce \u00e0 notre expertise ind\u00e9pendante.","robots":{"index":"index","follow":"follow","max-snippet":"max-snippet:-1","max-image-preview":"max-image-preview:large","max-video-preview":"max-video-preview:-1"},"canonical":"https:\/\/groupseco.be\/fr\/a-propos\/","og_locale":"fr_FR","og_type":"article","og_title":"A propos - Group SECO","og_description":"Dans les ann\u00e9es 1930, deux ponts s'effondrent sur le Canal Albert. Le secteur de la construction s'engage \u00e0 ce qu'une telle catastrophe ne se produise plus jamais. C'est ainsi que SECO est fond\u00e9, en tant qu'organisme ind\u00e9pendant, \u00e0 l'initiative de tous acteurs-cl\u00e9s de la construction belge et au service d'une mission pr\u00e9cise : instaurer la confiance dans le secteur de la construction. Pr\u00e8s d'un si\u00e8cle plus tard, notre expertise couvre l'ensemble du cycle de vie du b\u00e2timent, au Benelux et dans le monde. G\u00e9n\u00e9rations apr\u00e8s g\u00e9n\u00e9rations, les experts de SECO \u00e9crivent une m\u00eame histoire : accompagner une construction de qualit\u00e9, innovante, et durable gr\u00e2ce \u00e0 notre expertise ind\u00e9pendante.","og_url":"https:\/\/groupseco.be\/fr\/a-propos\/","og_site_name":"Group SECO","article_modified_time":"2025-11-26T09:32:27+00:00","twitter_card":"summary_large_image","schema":{"@context":"https:\/\/schema.org","@graph":[{"@type":"WebPage","@id":"https:\/\/groupseco.be\/fr\/a-propos\/","url":"https:\/\/groupseco.be\/fr\/a-propos\/","name":"A propos - Group SECO","isPartOf":{"@id":"https:\/\/groupseco.local\/#website"},"datePublished":"2025-07-07T14:54:49+00:00","dateModified":"2025-11-26T09:32:27+00:00","description":"Dans les ann\u00e9es 1930, deux ponts s'effondrent sur le Canal Albert. Le secteur de la construction s'engage \u00e0 ce qu'une telle catastrophe ne se produise plus jamais. C'est ainsi que SECO est fond\u00e9, en tant qu'organisme ind\u00e9pendant, \u00e0 l'initiative de tous acteurs-cl\u00e9s de la construction belge et au service d'une mission pr\u00e9cise : instaurer la confiance dans le secteur de la construction. Pr\u00e8s d'un si\u00e8cle plus tard, notre expertise couvre l'ensemble du cycle de vie du b\u00e2timent, au Benelux et dans le monde. G\u00e9n\u00e9rations apr\u00e8s g\u00e9n\u00e9rations, les experts de SECO \u00e9crivent une m\u00eame histoire : accompagner une construction de qualit\u00e9, innovante, et durable gr\u00e2ce \u00e0 notre expertise ind\u00e9pendante.","breadcrumb":{"@id":"https:\/\/groupseco.be\/fr\/a-propos\/#breadcrumb"},"inLanguage":"fr-FR","potentialAction":[{"@type":"ReadAction","target":["https:\/\/groupseco.be\/fr\/a-propos\/"]}]},{"@type":"BreadcrumbList","@id":"https:\/\/groupseco.be\/fr\/a-propos\/#breadcrumb","itemListElement":[{"@type":"ListItem","position":1,"name":"Home","item":"https:\/\/groupseco.be\/fr\/"},{"@type":"ListItem","position":2,"name":"A propos"}]},{"@type":"WebSite","@id":"https:\/\/groupseco.local\/#website","url":"https:\/\/groupseco.local\/","name":"SECO Belgium","description":"","potentialAction":[{"@type":"SearchAction","target":{"@type":"EntryPoint","urlTemplate":"https:\/\/groupseco.local\/?s={search_term_string}"},"query-input":{"@type":"PropertyValueSpecification","valueRequired":true,"valueName":"search_term_string"}}],"inLanguage":"fr-FR"}]}},"_links":{"self":[{"href":"https:\/\/groupseco.be\/fr\/wp-json\/wp\/v2\/pages\/1627","targetHints":{"allow":["GET"]}}],"collection":[{"href":"https:\/\/groupseco.be\/fr\/wp-json\/wp\/v2\/pages"}],"about":[{"href":"https:\/\/groupseco.be\/fr\/wp-json\/wp\/v2\/types\/page"}],"author":[{"embeddable":true,"href":"https:\/\/groupseco.be\/fr\/wp-json\/wp\/v2\/users\/1"}],"replies":[{"embeddable":true,"href":"https:\/\/groupseco.be\/fr\/wp-json\/wp\/v2\/comments?post=1627"}],"version-history":[{"count":13,"href":"https:\/\/groupseco.be\/fr\/wp-json\/wp\/v2\/pages\/1627\/revisions"}],"predecessor-version":[{"id":3280,"href":"https:\/\/groupseco.be\/fr\/wp-json\/wp\/v2\/pages\/1627\/revisions\/3280"}],"wp:attachment":[{"href":"https:\/\/groupseco.be\/fr\/wp-json\/wp\/v2\/media?parent=1627"}],"curies":[{"name":"wp","href":"https:\/\/api.w.org\/{rel}","templated":true}]}}