{"id":1690,"date":"2025-07-18T07:41:46","date_gmt":"2025-07-18T07:41:46","guid":{"rendered":"http:\/\/groupseco.local\/?page_id=1690"},"modified":"2025-09-23T09:00:05","modified_gmt":"2025-09-23T09:00:05","slug":"politique-de-cookies","status":"publish","type":"page","link":"https:\/\/groupseco.be\/fr\/politique-de-cookies\/","title":{"rendered":"Politique de cookies"},"content":{"rendered":"\n<h2 class=\"wp-block-heading\">Ce site web utilise des cookies.<\/h2>\n\n\n\n<h3 class=\"wp-block-heading\">1. QUE SONT LES COOKIES ?<\/h3>\n\n\n\n<p>Un cookie est un petit fichier texte envoy\u00e9 avec les pages de ce site web et enregistr\u00e9 par votre navigateur sur le disque dur de votre ordinateur. Dans la mesure o\u00f9 nous collectons des donn\u00e9es \u00e0 caract\u00e8re personnel \u00e0 votre sujet \u00e0 l\u2019aide de cookies, nous les traitons conform\u00e9ment aux dispositions de notre Politique de confidentialit\u00e9.<\/p>\n\n\n\n<h3 class=\"wp-block-heading\">2. POURQUOI SECO UTILISE-T-IL DES COOKIES ?<\/h3>\n\n\n\n<p>SECO utilise des cookies en particulier pour :<br>1. Am\u00e9liorer la qualit\u00e9 et les fonctionnalit\u00e9s du site web<br>2. Analyser comment les internautes utilisent le site web et \u00e9tablir des statistiques afin de mesurer la qualit\u00e9 et l\u2019efficacit\u00e9 de notre site web.<br><br>SECO n\u2019utilise pas de cookies publicitaires sur ce site web.<\/p>\n\n\n\n<h3 class=\"wp-block-heading\">3. QUELS SONT LES TYPES DE COOKIES UTILIS\u00c9S PAR SECO?<\/h3>\n\n\n\n<p>3.1 Cookies fonctionnels<br>Certains cookies sont n\u00e9cessaires au bon fonctionnement du site web, et peuvent donc \u00eatre plac\u00e9s sans votre autorisation. Il s\u2019agit par exemple de cookies qui vous \u00e9vitent de devoir \u00e0 chaque fois faire un choix linguistique.<br><br>3.2 Cookies statistiques<br>SECO utilise des cookies analytiques de tiers (comme Google Analytics) pour analyser comment les internautes utilisent le site web et \u00e9tablir des statistiques.<\/p>\n\n\n\n<h3 class=\"wp-block-heading\">4. D\u00c9LAI DE CONSERVATION<\/h3>\n\n\n\n<p>Dans certains cas, les cookies sont automatiquement supprim\u00e9s lorsque vous quittez votre navigateur. Dans d\u2019autres cas, ces cookies sont conserv\u00e9s plus longtemps et peuvent \u00eatre utilis\u00e9s lors d\u2019une prochaine visite.<\/p>\n\n\n\n<h3 class=\"wp-block-heading\">5. COMMENT REFUSER ET SUPPRIMER DES COOKIES ?<\/h3>\n\n\n\n<p>Vous pouvez, dans les param\u00e8tres de votre navigateur, d\u00e9sactiver l\u2019utilisation des cookies. La fa\u00e7on de proc\u00e9der varie d\u2019un navigateur \u00e0 l\u2019autre, consultez donc \u00e9ventuellement la rubrique d\u2019aide de votre navigateur. Il est possible de refuser pr\u00e9alablement les cookies et de supprimer les cookies d\u00e9j\u00e0 install\u00e9s.<br><br>Pour de plus amples informations sur la gestion des param\u00e8tres de cookies pour votre navigateur :<\/p>\n\n\n\n<p>\u2022&nbsp;<a href=\"https:\/\/support.google.com\/chrome\/answer\/95647?hl=fr\">Google Chrome<\/a><br>\u2022&nbsp;<a href=\"https:\/\/support.mozilla.org\/fr\/kb\/autoriser-bloquer-cookies-preferences-sites\">Firefox<\/a><br>\u2022&nbsp;<a href=\"https:\/\/support.microsoft.com\/fr-fr\/help\/17442\/windows-internet-explorer-delete-manage-cookies\">Internet Explorer<\/a><br>\u2022&nbsp;<a href=\"https:\/\/support.apple.com\/fr-be\/HT201265\">Safari<\/a><br><br>Vous pouvez refuser l\u2019utilisation de cookies, bien que cela puisse limiter la fonctionnalit\u00e9 et la convivialit\u00e9 du site web.<\/p>\n","protected":false},"excerpt":{"rendered":"<p>Ce site web utilise des cookies. 1. QUE SONT LES COOKIES ? Un cookie est un petit fichier texte envoy\u00e9 avec les pages de ce site web et enregistr\u00e9 par votre navigateur sur le disque dur de votre ordinateur. Dans la mesure o\u00f9 nous collectons des donn\u00e9es \u00e0 caract\u00e8re personnel \u00e0 votre sujet \u00e0 l\u2019aide [&hellip;]<\/p>\n","protected":false},"author":1,"featured_media":0,"parent":0,"menu_order":0,"comment_status":"closed","ping_status":"closed","template":"template-landing.php","meta":{"_acf_changed":false,"inline_featured_image":false,"footnotes":""},"class_list":["post-1690","page","type-page","status-publish","hentry"],"acf":[],"yoast_head":"<!-- This site is optimized with the Yoast SEO plugin v25.8 - https:\/\/yoast.com\/wordpress\/plugins\/seo\/ -->\n<title>Politique de cookies - Group SECO<\/title>\n<meta name=\"robots\" content=\"index, follow, max-snippet:-1, max-image-preview:large, max-video-preview:-1\" \/>\n<link rel=\"canonical\" href=\"https:\/\/groupseco.be\/fr\/politique-de-cookies\/\" \/>\n<meta property=\"og:locale\" content=\"fr_FR\" \/>\n<meta property=\"og:type\" content=\"article\" \/>\n<meta property=\"og:title\" content=\"Politique de cookies - Group SECO\" \/>\n<meta property=\"og:description\" content=\"Ce site web utilise des cookies. 1. QUE SONT LES COOKIES ? Un cookie est un petit fichier texte envoy\u00e9 avec les pages de ce site web et enregistr\u00e9 par votre navigateur sur le disque dur de votre ordinateur. Dans la mesure o\u00f9 nous collectons des donn\u00e9es \u00e0 caract\u00e8re personnel \u00e0 votre sujet \u00e0 l\u2019aide [&hellip;]\" \/>\n<meta property=\"og:url\" content=\"https:\/\/groupseco.be\/fr\/politique-de-cookies\/\" \/>\n<meta property=\"og:site_name\" content=\"Group SECO\" \/>\n<meta property=\"article:modified_time\" content=\"2025-09-23T09:00:05+00:00\" \/>\n<meta name=\"twitter:card\" content=\"summary_large_image\" \/>\n<meta name=\"twitter:label1\" content=\"Dur\u00e9e de lecture estim\u00e9e\" \/>\n\t<meta name=\"twitter:data1\" content=\"2 minutes\" \/>\n<script type=\"application\/ld+json\" class=\"yoast-schema-graph\">{\"@context\":\"https:\/\/schema.org\",\"@graph\":[{\"@type\":\"WebPage\",\"@id\":\"https:\/\/groupseco.be\/fr\/politique-de-cookies\/\",\"url\":\"https:\/\/groupseco.be\/fr\/politique-de-cookies\/\",\"name\":\"Politique de cookies - Group SECO\",\"isPartOf\":{\"@id\":\"https:\/\/groupseco.local\/#website\"},\"datePublished\":\"2025-07-18T07:41:46+00:00\",\"dateModified\":\"2025-09-23T09:00:05+00:00\",\"breadcrumb\":{\"@id\":\"https:\/\/groupseco.be\/fr\/politique-de-cookies\/#breadcrumb\"},\"inLanguage\":\"fr-FR\",\"potentialAction\":[{\"@type\":\"ReadAction\",\"target\":[\"https:\/\/groupseco.be\/fr\/politique-de-cookies\/\"]}]},{\"@type\":\"BreadcrumbList\",\"@id\":\"https:\/\/groupseco.be\/fr\/politique-de-cookies\/#breadcrumb\",\"itemListElement\":[{\"@type\":\"ListItem\",\"position\":1,\"name\":\"Home\",\"item\":\"https:\/\/groupseco.be\/fr\/\"},{\"@type\":\"ListItem\",\"position\":2,\"name\":\"Politique de cookies\"}]},{\"@type\":\"WebSite\",\"@id\":\"https:\/\/groupseco.local\/#website\",\"url\":\"https:\/\/groupseco.local\/\",\"name\":\"SECO Belgium\",\"description\":\"\",\"potentialAction\":[{\"@type\":\"SearchAction\",\"target\":{\"@type\":\"EntryPoint\",\"urlTemplate\":\"https:\/\/groupseco.local\/?s={search_term_string}\"},\"query-input\":{\"@type\":\"PropertyValueSpecification\",\"valueRequired\":true,\"valueName\":\"search_term_string\"}}],\"inLanguage\":\"fr-FR\"}]}<\/script>\n<!-- \/ Yoast SEO plugin. -->","yoast_head_json":{"title":"Politique de cookies - Group SECO","robots":{"index":"index","follow":"follow","max-snippet":"max-snippet:-1","max-image-preview":"max-image-preview:large","max-video-preview":"max-video-preview:-1"},"canonical":"https:\/\/groupseco.be\/fr\/politique-de-cookies\/","og_locale":"fr_FR","og_type":"article","og_title":"Politique de cookies - Group SECO","og_description":"Ce site web utilise des cookies. 1. QUE SONT LES COOKIES ? Un cookie est un petit fichier texte envoy\u00e9 avec les pages de ce site web et enregistr\u00e9 par votre navigateur sur le disque dur de votre ordinateur. Dans la mesure o\u00f9 nous collectons des donn\u00e9es \u00e0 caract\u00e8re personnel \u00e0 votre sujet \u00e0 l\u2019aide [&hellip;]","og_url":"https:\/\/groupseco.be\/fr\/politique-de-cookies\/","og_site_name":"Group SECO","article_modified_time":"2025-09-23T09:00:05+00:00","twitter_card":"summary_large_image","twitter_misc":{"Dur\u00e9e de lecture estim\u00e9e":"2 minutes"},"schema":{"@context":"https:\/\/schema.org","@graph":[{"@type":"WebPage","@id":"https:\/\/groupseco.be\/fr\/politique-de-cookies\/","url":"https:\/\/groupseco.be\/fr\/politique-de-cookies\/","name":"Politique de cookies - Group SECO","isPartOf":{"@id":"https:\/\/groupseco.local\/#website"},"datePublished":"2025-07-18T07:41:46+00:00","dateModified":"2025-09-23T09:00:05+00:00","breadcrumb":{"@id":"https:\/\/groupseco.be\/fr\/politique-de-cookies\/#breadcrumb"},"inLanguage":"fr-FR","potentialAction":[{"@type":"ReadAction","target":["https:\/\/groupseco.be\/fr\/politique-de-cookies\/"]}]},{"@type":"BreadcrumbList","@id":"https:\/\/groupseco.be\/fr\/politique-de-cookies\/#breadcrumb","itemListElement":[{"@type":"ListItem","position":1,"name":"Home","item":"https:\/\/groupseco.be\/fr\/"},{"@type":"ListItem","position":2,"name":"Politique de cookies"}]},{"@type":"WebSite","@id":"https:\/\/groupseco.local\/#website","url":"https:\/\/groupseco.local\/","name":"SECO Belgium","description":"","potentialAction":[{"@type":"SearchAction","target":{"@type":"EntryPoint","urlTemplate":"https:\/\/groupseco.local\/?s={search_term_string}"},"query-input":{"@type":"PropertyValueSpecification","valueRequired":true,"valueName":"search_term_string"}}],"inLanguage":"fr-FR"}]}},"_links":{"self":[{"href":"https:\/\/groupseco.be\/fr\/wp-json\/wp\/v2\/pages\/1690","targetHints":{"allow":["GET"]}}],"collection":[{"href":"https:\/\/groupseco.be\/fr\/wp-json\/wp\/v2\/pages"}],"about":[{"href":"https:\/\/groupseco.be\/fr\/wp-json\/wp\/v2\/types\/page"}],"author":[{"embeddable":true,"href":"https:\/\/groupseco.be\/fr\/wp-json\/wp\/v2\/users\/1"}],"replies":[{"embeddable":true,"href":"https:\/\/groupseco.be\/fr\/wp-json\/wp\/v2\/comments?post=1690"}],"version-history":[{"count":13,"href":"https:\/\/groupseco.be\/fr\/wp-json\/wp\/v2\/pages\/1690\/revisions"}],"predecessor-version":[{"id":1716,"href":"https:\/\/groupseco.be\/fr\/wp-json\/wp\/v2\/pages\/1690\/revisions\/1716"}],"wp:attachment":[{"href":"https:\/\/groupseco.be\/fr\/wp-json\/wp\/v2\/media?parent=1690"}],"curies":[{"name":"wp","href":"https:\/\/api.w.org\/{rel}","templated":true}]}}