{"id":1712,"date":"2025-07-18T07:50:51","date_gmt":"2025-07-18T07:50:51","guid":{"rendered":"http:\/\/groupseco.local\/?page_id=1712"},"modified":"2025-10-17T08:03:21","modified_gmt":"2025-10-17T08:03:21","slug":"politique-de-confidentialite","status":"publish","type":"page","link":"https:\/\/groupseco.be\/fr\/politique-de-confidentialite\/","title":{"rendered":"Politique de confidentialit\u00e9"},"content":{"rendered":"\n<h2 class=\"wp-block-heading\">1. RESPONSABLE DU TRAITEMENT DES DONN\u00c9ES<\/h2>\n\n\n\n<p>SECO Belgium SA (si\u00e8ge social :&nbsp;Rue des Colonies 56 bo\u00eete 10, 1000 Bruxelles, n\u00b0 BCE 0680.633.657) (ci-apr\u00e8s d\u00e9nomm\u00e9e \u00ab SECO \u00bb) d\u00e9termine les moyens et les buts (finalit\u00e9) du traitement des donn\u00e9es (\u00e0 caract\u00e8re personnel) enregistr\u00e9es et utilis\u00e9es par les applications ou sites web de SECO, et est donc responsable du traitement des donn\u00e9es dans le sens du R\u00e8glement du Parlement Europ\u00e9en (EU) 2016\/679 et du Conseil du 27 avril 2016 concernant la protection des personnes au sujet du traitement de donn\u00e9es \u00e0 caract\u00e8re personnel et du libre \u00e9change de ces donn\u00e9es (ci-apr\u00e8s d\u00e9nomm\u00e9 \u00ab Loi vie priv\u00e9e \u00bb).<\/p>\n\n\n\n<h2 class=\"wp-block-heading\">2. DONN\u00c9ES (\u00c0 CARACT\u00c8RE PERSONNEL) COLLECT\u00c9ES<\/h2>\n\n\n\n<p>SECO enregistre les donn\u00e9es communiqu\u00e9es par les utilisateurs. Les donn\u00e9es (\u00e0 caract\u00e8re personnel) collect\u00e9es sont : pr\u00e9nom et nom, fonction\/profession, num\u00e9ro de t\u00e9l\u00e9phone, adresse et adresse e-mail. En outre, SECO enregistre des donn\u00e9es relatives aux clients de ses utilisateurs qui lui sont communiqu\u00e9es par ses utilisateurs en vue de la prestation de services par SECO. Il s&rsquo;agit du nom (nom, adresse, t\u00e9l\u00e9phone, etc.) ou d&rsquo;autres donn\u00e9es (par exemple les heures de disponibilit\u00e9).<\/p>\n\n\n\n<p>Les informations fournies dans le cadre du processus de recrutement&nbsp;sont destin\u00e9es au service du personnel de SECO pour le traitement de chaque candidature au poste mentionn\u00e9. Les donn\u00e9es seront conserv\u00e9es pendant une p\u00e9riode de 6 mois. Le candidat dispose&nbsp;d&rsquo;un droit d&rsquo;acc\u00e8s, de rectification, de transfert, de suppression et de limitation des traitements.<\/p>\n\n\n\n<h2 class=\"wp-block-heading\">3. DONN\u00c9ES REPRISES DANS DES RAPPORTS OU D&rsquo;AUTRES DOCUMENTS<\/h2>\n\n\n\n<p>SECO se r\u00e9serve le droit de traiter les donn\u00e9es, les plans et r\u00e9sultats d&rsquo;un rapport, ou de toute autre analyse r\u00e9alis\u00e9e pour ou \u00e0 la demande d&rsquo;un client de SECO comme faisant partie d&rsquo;une base de donn\u00e9es g\u00e9n\u00e9rale ou d&rsquo;un autre syst\u00e8me informatique.<\/p>\n\n\n\n<h2 class=\"wp-block-heading\">4. BASE JURIDIQUE<\/h2>\n\n\n\n<p>Dans la mesure o\u00f9 l\u2019utilisateur a conclu un contrat avec SECO ou souhaite conclure un contrat avec SECO, l&rsquo;utilisateur reconna\u00eet et accepte le fait que le traitement de ses donn\u00e9es \u00e0 caract\u00e8re personnel est n\u00e9cessaire dans le cadre de la conclusion et \/ ou de l&rsquo;ex\u00e9cution d&rsquo;un tel accord. Dans la mesure o\u00f9 l&rsquo;utilisateur est une personne qui n&rsquo;a pas conclu de contrat ou ne souhaite pas en conclure avec SECO (par exemple parce que l&rsquo;utilisateur est un collaborateur d&rsquo;un client SECO), il sera demand\u00e9 \u00e0 l\u2019utilisateur de donner son consentement explicite au traitement de ses donn\u00e9es \u00e0 caract\u00e8re personnel par SECO conform\u00e9ment \u00e0 cette politique de confidentialit\u00e9. Dans ce cas, l&rsquo;utilisateur a le droit de retirer son consentement \u00e0 tout moment. L&rsquo;utilisateur est conscient, cependant, qu&rsquo;il doit fournir ses donn\u00e9es personnelles \u00e0 SECO pour l&rsquo;utilisation des applications et des sites web de SECO et qu&rsquo;il n&rsquo;aura pas acc\u00e8s \u00e0 ces applications et sites web si ces informations ne sont pas fournies.<\/p>\n\n\n\n<h2 class=\"wp-block-heading\">5. NEWSLETTER<\/h2>\n\n\n\n<p>SECO enregistre les adresses e-mail que l&rsquo;utilisateur communique. SECO peut envoyer des bulletins d&rsquo;information \u00e0 l&rsquo;utilisateur apr\u00e8s approbation pr\u00e9alable de l&rsquo;utilisateur. Cependant, l&rsquo;utilisateur peut toujours indiquer qu&rsquo;il ne souhaite plus recevoir de tels messages. L&rsquo;autorisation d&rsquo;envoyer de tels messages est explicitement demand\u00e9e lorsque l&rsquo;utilisateur se voit demander son adresse e-mail pour la premi\u00e8re fois. De plus, chaque message \u00e9lectronique contient \u00e9galement la possibilit\u00e9 d&rsquo;exercer son droit d&rsquo;opposition. Si plusieurs adresses e-mail sont enregistr\u00e9es, il peut \u00eatre n\u00e9cessaire d&rsquo;exercer ce droit d&rsquo;opposition pour chacune de ces adresses.<\/p>\n\n\n\n<h2 class=\"wp-block-heading\">6. FINALIT\u00c9 DU TRAITEMENT DE DONN\u00c9ES<\/h2>\n\n\n\n<p>6.1 SECO traitera les donn\u00e9es (\u00e0 caract\u00e8re personnel) d\u00e9clar\u00e9es aux fins suivantes :<br>&#8211; l&rsquo;acc\u00e8s aux applications et aux sites SECO et l&rsquo;identification des personnes pour surveiller l&rsquo;utilisation correcte des demandes conform\u00e9ment \u00e0 la qualification de la personne concern\u00e9e ;<br>&#8211; l&rsquo;ex\u00e9cution et le r\u00e8glement des accords, y compris la livraison et la facturation des produits et services et la fourniture des informations n\u00e9cessaires ;<br>&#8211; la publication de certaines donn\u00e9es, entre autres les agr\u00e9ments, certificats et attestations d\u00e9livr\u00e9s par SECO ;<br>&#8211; la prise de mesures pour v\u00e9rifier le journal des donn\u00e9es (\u00e0 caract\u00e8re personnel) lors de l\u2019acc\u00e8s \u00e0 un site web ou une application web SECO, et la prise de dispositions pour la protection de ces donn\u00e9es ;<br>&#8211; la r\u00e9daction et la mise \u00e0 disposition des rapports (d&rsquo;inspection) ;<br>&#8211; la gestion des paiements \u00e9lectroniques et la lutte contre la fraude ; et<br>&#8211; l\u2019information des utilisateurs au sujet des changements r\u00e9cents et des nouveaut\u00e9s de SECO ou d&rsquo;une entreprise li\u00e9e \u00e0 celle-ci ainsi que d&rsquo;autres informations pertinentes dans le secteur de la construction (par exemple via des bulletins d&rsquo;information).<\/p>\n\n\n\n<p>6.2 Les donn\u00e9es (\u00e0 caract\u00e8re personnel) communiqu\u00e9es peuvent \u00eatre transmises \u00e0 une entreprise associ\u00e9e \u00e0 SECO ou \u00e0 des tiers pour l&rsquo;ex\u00e9cution et le d\u00e9roulement de toute convention ou pour r\u00e9pondre \u00e0 une obligation l\u00e9gale ou dans le cas d&rsquo;int\u00e9r\u00eat l\u00e9gitime.<\/p>\n\n\n\n<h2 class=\"wp-block-heading\">7. PARTAGE DES DONN\u00c9ES \u00c0 CARACT\u00c8RE PERSONNEL<\/h2>\n\n\n\n<p>7.1 Entreprises li\u00e9es et\/associ\u00e9es \u00e0 SECO<br>Les donn\u00e9es (\u00e0 caract\u00e8re personnel) communiqu\u00e9es peuvent \u00eatre transmises \u00e0 une entreprise li\u00e9e \u00e0 SECO ou \u00e0 des tiers pour l\u2019ex\u00e9cution et l\u2019accomplissement de tout contrat ou pour satisfaire \u00e0 une obligation l\u00e9gale ou en cas d\u2019int\u00e9r\u00eat l\u00e9gitime. Dans ce cas, nous attendons de ces entreprises qu\u2019elles suivent cette politique de confidentialit\u00e9.<\/p>\n\n\n\n<p>7.2 Fournisseurs<br>Afin de proposer ces services de la mani\u00e8re la plus efficace qui soit, SECO peut faire appel \u00e0 des prestataires de services qui, dans ce cadre, traitent des donn\u00e9es \u00e0 caract\u00e8re personnel. Les mesures n\u00e9cessaires sont prises pour garantir que ces prestataires de service traitent vos donn\u00e9es \u00e0 caract\u00e8re personnel conform\u00e9ment \u00e0 cette politique de confidentialit\u00e9.<\/p>\n\n\n\n<p>7.3 Transferts d\u2019actifs<br>SECO se r\u00e9serve le droit, en ce qui concerne une r\u00e9organisation, une restructuration, une fusion, une vente ou tout autre transfert des ressources d\u2019entreprise, de transf\u00e9rer les donn\u00e9es \u00e0 caract\u00e8re personnel, \u00e0 condition que la partie prenante consente \u00e0 traiter ces donn\u00e9es conform\u00e9ment \u00e0 cette politique de confidentialit\u00e9.<\/p>\n\n\n\n<p>7.4 Transfert international<br>Les donn\u00e9es (\u00e0 caract\u00e8re personnel) communiqu\u00e9es ne sont pas trait\u00e9es en dehors de l\u2019Espace \u00e9conomique europ\u00e9en.<\/p>\n\n\n\n<h2 class=\"wp-block-heading\">8. TEMPS DE CONSERVATION<\/h2>\n\n\n\n<p>SECO conserve les donn\u00e9es (\u00e0 caract\u00e8re personnel) des utilisateurs pour une p\u00e9riode pouvant aller jusqu&rsquo;\u00e0 10 ans apr\u00e8s l\u2019ach\u00e8vement du dossier. Ces donn\u00e9es (\u00e0 caract\u00e8re personnel) peuvent \u00eatre conserv\u00e9es plus longtemps par SECO si elles sont n\u00e9cessaires dans un contexte diff\u00e9rent. Dans ce cas, l&rsquo;utilisateur est correctement inform\u00e9 du contexte.<\/p>\n\n\n\n<h2 class=\"wp-block-heading\">9. DROITS DE L&rsquo;UTILISATEUR<\/h2>\n\n\n\n<p>9.1 L&rsquo;utilisateur dispose d&rsquo;un droit de contr\u00f4le et de rectification des donn\u00e9es (\u00e0 caract\u00e8re personnel) le concernant qui sont trait\u00e9es dans les fichiers et applications de SECO. Lorsque l&rsquo;utilisateur exerce son droit de rectification, il peut demander \u00e0 SECO de ne plus utiliser ses donn\u00e9es personnelles pendant la p\u00e9riode n\u00e9cessaire pour en v\u00e9rifier l&rsquo;exactitude. \u00c0 la demande expresse de l&rsquo;utilisateur, SECO supprimera l\u2019int\u00e9gralit\u00e9 de ses donn\u00e9es personnelles, \u00e0 moins que ces donn\u00e9es ne soient n\u00e9cessaires \u00e0 l&rsquo;ex\u00e9cution de l&rsquo;accord ci-dessus, ou pour la mise en place, l&rsquo;exercice ou le soutien d&rsquo;une action en justice. Si SECO souhaitait effacer les donn\u00e9es personnelles de l&rsquo;utilisateur et que l&rsquo;utilisateur ne souhaite pas que ses donn\u00e9es personnelles soient effac\u00e9es int\u00e9gralement, il peut demander de conserver ses donn\u00e9es personnelles, mais sans plus les traiter.<\/p>\n\n\n\n<p>9.2 L&rsquo;utilisateur peut exercer les droits susmentionn\u00e9s gratuitement en contactant SECO. Cela peut \u00eatre fait par une lettre dat\u00e9e et sign\u00e9e adress\u00e9e \u00e0 SECO, Rue des Colonies 56 bo\u00eete 10, 1000 Bruxelles, Belgique, \u00e0 l\u2019attention de la direction ou par l\u2019envoi d\u2019un courriel \u00e0\u00a0<a href=\"mailto:info.be@groupseco.be\">info.be@groupseco.be<\/a>, avec une copie de sa carte d&rsquo;identit\u00e9 jointe dans les deux cas (\u00e0 des fins d&rsquo;identification).<\/p>\n\n\n\n<p>9.3 Si l&rsquo;utilisateur a des r\u00e9clamations \u00e0 formuler en rapport avec la politique de confidentialit\u00e9 de SECO, il a le droit de d\u00e9poser une plainte aupr\u00e8s de l&rsquo;autorit\u00e9 comp\u00e9tente.<\/p>\n\n\n\n<p>9.4 SECO a pris toutes les pr\u00e9cautions juridiques et techniques n\u00e9cessaires pour emp\u00eacher l&rsquo;acc\u00e8s non autoris\u00e9 et l&rsquo;utilisation non autoris\u00e9e des donn\u00e9es (\u00e0 caract\u00e8re personnel). SECO ne peut en aucun cas \u00eatre tenu responsable du vol d&rsquo;identit\u00e9, du vol de donn\u00e9es ou de la criminalit\u00e9 informatique. En cas d&rsquo;intrusion dans les syst\u00e8mes informatiques, SECO prendra imm\u00e9diatement toutes les mesures n\u00e9cessaires pour limiter les dommages et \/ ou le vol \u00e0 un strict minimum.<\/p>\n\n\n\n<h2 class=\"wp-block-heading\">10. MODIFICATIONS<\/h2>\n\n\n\n<p>SECO peut de temps \u00e0 autre modifier les termes de cette politique de confidentialit\u00e9 en publiant la version mise \u00e0 jour sur ses sites web et applications. SECO informe l&rsquo;utilisateur d&rsquo;un \u00e9ventuel changement dans un d\u00e9lai raisonnable. SECO recommande \u00e0 l&rsquo;utilisateur de revoir r\u00e9guli\u00e8rement les dispositions de cette politique de confidentialit\u00e9 pour se tenir au courant de la fa\u00e7on dont SECO utilise les donn\u00e9es \u00e0 caract\u00e8re personnel.<\/p>\n\n\n\n<h2 class=\"wp-block-heading\">11. DROIT APPLICABLE ET TRIBUNAUX COMP\u00c9TENTS<\/h2>\n\n\n\n<p>La politique de confidentialit\u00e9 est exclusivement r\u00e9gie par le droit belge. En cas de litige portant sur la politique de confidentialit\u00e9, les parties tenteront de parvenir \u00e0 un accord amiable. Lorsqu\u2019une partie estime qu\u2019un accord amiable ne peut \u00eatre atteint, les parties conviennent que tous les litiges relatifs \u00e0 la politique de confidentialit\u00e9 sont exclusivement du ressort de la comp\u00e9tence des tribunaux de Bruxelles.<\/p>\n\n\n\n<h2 class=\"wp-block-heading\">12. CONTACT<\/h2>\n\n\n\n<p>Pour toutes questions, plaintes ou remarques, l&rsquo;utilisateur peut nous contacter via les canaux suivants :<br>&#8211; par courrier :<br>Rue des colonies 56 bo\u00eete 10, 1000 Bruxelles, Belgique,<br>\u00e0 l&rsquo;attention de la direction<br>&#8211; par courriel :&nbsp;<a href=\"mailto:info.be@groupseco.com\">info.be@groupseco.com<\/a><\/p>\n","protected":false},"excerpt":{"rendered":"<p>1. RESPONSABLE DU TRAITEMENT DES DONN\u00c9ES SECO Belgium SA (si\u00e8ge social :&nbsp;Rue des Colonies 56 bo\u00eete 10, 1000 Bruxelles, n\u00b0 BCE 0680.633.657) (ci-apr\u00e8s d\u00e9nomm\u00e9e \u00ab SECO \u00bb) d\u00e9termine les moyens et les buts (finalit\u00e9) du traitement des donn\u00e9es (\u00e0 caract\u00e8re personnel) enregistr\u00e9es et utilis\u00e9es par les applications ou sites web de SECO, et est donc [&hellip;]<\/p>\n","protected":false},"author":1,"featured_media":0,"parent":0,"menu_order":0,"comment_status":"closed","ping_status":"closed","template":"template-landing.php","meta":{"_acf_changed":false,"inline_featured_image":false,"footnotes":""},"class_list":["post-1712","page","type-page","status-publish","hentry"],"acf":[],"yoast_head":"<!-- This site is optimized with the Yoast SEO plugin v25.8 - https:\/\/yoast.com\/wordpress\/plugins\/seo\/ -->\n<title>Politique de confidentialit\u00e9 - Group SECO<\/title>\n<meta name=\"robots\" content=\"index, follow, max-snippet:-1, max-image-preview:large, max-video-preview:-1\" \/>\n<link rel=\"canonical\" href=\"https:\/\/groupseco.be\/fr\/politique-de-confidentialite\/\" \/>\n<meta property=\"og:locale\" content=\"fr_FR\" \/>\n<meta property=\"og:type\" content=\"article\" \/>\n<meta property=\"og:title\" content=\"Politique de confidentialit\u00e9 - Group SECO\" \/>\n<meta property=\"og:description\" content=\"1. RESPONSABLE DU TRAITEMENT DES DONN\u00c9ES SECO Belgium SA (si\u00e8ge social :&nbsp;Rue des Colonies 56 bo\u00eete 10, 1000 Bruxelles, n\u00b0 BCE 0680.633.657) (ci-apr\u00e8s d\u00e9nomm\u00e9e \u00ab SECO \u00bb) d\u00e9termine les moyens et les buts (finalit\u00e9) du traitement des donn\u00e9es (\u00e0 caract\u00e8re personnel) enregistr\u00e9es et utilis\u00e9es par les applications ou sites web de SECO, et est donc [&hellip;]\" \/>\n<meta property=\"og:url\" content=\"https:\/\/groupseco.be\/fr\/politique-de-confidentialite\/\" \/>\n<meta property=\"og:site_name\" content=\"Group SECO\" \/>\n<meta property=\"article:modified_time\" content=\"2025-10-17T08:03:21+00:00\" \/>\n<meta name=\"twitter:card\" content=\"summary_large_image\" \/>\n<meta name=\"twitter:label1\" content=\"Dur\u00e9e de lecture estim\u00e9e\" \/>\n\t<meta name=\"twitter:data1\" content=\"7 minutes\" \/>\n<script type=\"application\/ld+json\" class=\"yoast-schema-graph\">{\"@context\":\"https:\/\/schema.org\",\"@graph\":[{\"@type\":\"WebPage\",\"@id\":\"https:\/\/groupseco.be\/fr\/politique-de-confidentialite\/\",\"url\":\"https:\/\/groupseco.be\/fr\/politique-de-confidentialite\/\",\"name\":\"Politique de confidentialit\u00e9 - Group SECO\",\"isPartOf\":{\"@id\":\"https:\/\/groupseco.local\/#website\"},\"datePublished\":\"2025-07-18T07:50:51+00:00\",\"dateModified\":\"2025-10-17T08:03:21+00:00\",\"breadcrumb\":{\"@id\":\"https:\/\/groupseco.be\/fr\/politique-de-confidentialite\/#breadcrumb\"},\"inLanguage\":\"fr-FR\",\"potentialAction\":[{\"@type\":\"ReadAction\",\"target\":[\"https:\/\/groupseco.be\/fr\/politique-de-confidentialite\/\"]}]},{\"@type\":\"BreadcrumbList\",\"@id\":\"https:\/\/groupseco.be\/fr\/politique-de-confidentialite\/#breadcrumb\",\"itemListElement\":[{\"@type\":\"ListItem\",\"position\":1,\"name\":\"Home\",\"item\":\"https:\/\/groupseco.be\/fr\/\"},{\"@type\":\"ListItem\",\"position\":2,\"name\":\"Politique de confidentialit\u00e9\"}]},{\"@type\":\"WebSite\",\"@id\":\"https:\/\/groupseco.local\/#website\",\"url\":\"https:\/\/groupseco.local\/\",\"name\":\"SECO Belgium\",\"description\":\"\",\"potentialAction\":[{\"@type\":\"SearchAction\",\"target\":{\"@type\":\"EntryPoint\",\"urlTemplate\":\"https:\/\/groupseco.local\/?s={search_term_string}\"},\"query-input\":{\"@type\":\"PropertyValueSpecification\",\"valueRequired\":true,\"valueName\":\"search_term_string\"}}],\"inLanguage\":\"fr-FR\"}]}<\/script>\n<!-- \/ Yoast SEO plugin. -->","yoast_head_json":{"title":"Politique de confidentialit\u00e9 - Group SECO","robots":{"index":"index","follow":"follow","max-snippet":"max-snippet:-1","max-image-preview":"max-image-preview:large","max-video-preview":"max-video-preview:-1"},"canonical":"https:\/\/groupseco.be\/fr\/politique-de-confidentialite\/","og_locale":"fr_FR","og_type":"article","og_title":"Politique de confidentialit\u00e9 - Group SECO","og_description":"1. RESPONSABLE DU TRAITEMENT DES DONN\u00c9ES SECO Belgium SA (si\u00e8ge social :&nbsp;Rue des Colonies 56 bo\u00eete 10, 1000 Bruxelles, n\u00b0 BCE 0680.633.657) (ci-apr\u00e8s d\u00e9nomm\u00e9e \u00ab SECO \u00bb) d\u00e9termine les moyens et les buts (finalit\u00e9) du traitement des donn\u00e9es (\u00e0 caract\u00e8re personnel) enregistr\u00e9es et utilis\u00e9es par les applications ou sites web de SECO, et est donc [&hellip;]","og_url":"https:\/\/groupseco.be\/fr\/politique-de-confidentialite\/","og_site_name":"Group SECO","article_modified_time":"2025-10-17T08:03:21+00:00","twitter_card":"summary_large_image","twitter_misc":{"Dur\u00e9e de lecture estim\u00e9e":"7 minutes"},"schema":{"@context":"https:\/\/schema.org","@graph":[{"@type":"WebPage","@id":"https:\/\/groupseco.be\/fr\/politique-de-confidentialite\/","url":"https:\/\/groupseco.be\/fr\/politique-de-confidentialite\/","name":"Politique de confidentialit\u00e9 - Group SECO","isPartOf":{"@id":"https:\/\/groupseco.local\/#website"},"datePublished":"2025-07-18T07:50:51+00:00","dateModified":"2025-10-17T08:03:21+00:00","breadcrumb":{"@id":"https:\/\/groupseco.be\/fr\/politique-de-confidentialite\/#breadcrumb"},"inLanguage":"fr-FR","potentialAction":[{"@type":"ReadAction","target":["https:\/\/groupseco.be\/fr\/politique-de-confidentialite\/"]}]},{"@type":"BreadcrumbList","@id":"https:\/\/groupseco.be\/fr\/politique-de-confidentialite\/#breadcrumb","itemListElement":[{"@type":"ListItem","position":1,"name":"Home","item":"https:\/\/groupseco.be\/fr\/"},{"@type":"ListItem","position":2,"name":"Politique de confidentialit\u00e9"}]},{"@type":"WebSite","@id":"https:\/\/groupseco.local\/#website","url":"https:\/\/groupseco.local\/","name":"SECO Belgium","description":"","potentialAction":[{"@type":"SearchAction","target":{"@type":"EntryPoint","urlTemplate":"https:\/\/groupseco.local\/?s={search_term_string}"},"query-input":{"@type":"PropertyValueSpecification","valueRequired":true,"valueName":"search_term_string"}}],"inLanguage":"fr-FR"}]}},"_links":{"self":[{"href":"https:\/\/groupseco.be\/fr\/wp-json\/wp\/v2\/pages\/1712","targetHints":{"allow":["GET"]}}],"collection":[{"href":"https:\/\/groupseco.be\/fr\/wp-json\/wp\/v2\/pages"}],"about":[{"href":"https:\/\/groupseco.be\/fr\/wp-json\/wp\/v2\/types\/page"}],"author":[{"embeddable":true,"href":"https:\/\/groupseco.be\/fr\/wp-json\/wp\/v2\/users\/1"}],"replies":[{"embeddable":true,"href":"https:\/\/groupseco.be\/fr\/wp-json\/wp\/v2\/comments?post=1712"}],"version-history":[{"count":5,"href":"https:\/\/groupseco.be\/fr\/wp-json\/wp\/v2\/pages\/1712\/revisions"}],"predecessor-version":[{"id":3113,"href":"https:\/\/groupseco.be\/fr\/wp-json\/wp\/v2\/pages\/1712\/revisions\/3113"}],"wp:attachment":[{"href":"https:\/\/groupseco.be\/fr\/wp-json\/wp\/v2\/media?parent=1712"}],"curies":[{"name":"wp","href":"https:\/\/api.w.org\/{rel}","templated":true}]}}