{"id":1749,"date":"2025-06-23T09:51:41","date_gmt":"2025-06-23T09:51:41","guid":{"rendered":"http:\/\/groupseco.local\/survey\/"},"modified":"2025-11-19T14:48:04","modified_gmt":"2025-11-19T14:48:04","slug":"survey","status":"publish","type":"page","link":"https:\/\/groupseco.be\/fr\/survey\/","title":{"rendered":"Bureau d&rsquo;Ing\u00e9nieurs-G\u00e9om\u00e8tres et G\u00e9om\u00e8tres-Experts"},"content":{"rendered":"","protected":false},"excerpt":{"rendered":"","protected":false},"author":1,"featured_media":1506,"parent":0,"menu_order":0,"comment_status":"closed","ping_status":"closed","template":"template-landing.php","meta":{"_acf_changed":false,"inline_featured_image":false,"footnotes":""},"class_list":["post-1749","page","type-page","status-publish","has-post-thumbnail","hentry"],"acf":[],"yoast_head":"<!-- This site is optimized with the Yoast SEO plugin v25.8 - https:\/\/yoast.com\/wordpress\/plugins\/seo\/ -->\n<title>Bureau d&#039;Ing\u00e9nieurs-G\u00e9om\u00e8tres et G\u00e9om\u00e8tres-Experts - Group SECO<\/title>\n<meta name=\"description\" content=\"Before, during, and after your construction projects, our surveyors lay out, survey, and check.\u2028They map the existing situation and provide their technical expertise at every step.\" \/>\n<meta name=\"robots\" content=\"index, follow, max-snippet:-1, max-image-preview:large, max-video-preview:-1\" \/>\n<link rel=\"canonical\" href=\"https:\/\/groupseco.be\/fr\/survey\/\" \/>\n<meta property=\"og:locale\" content=\"fr_FR\" \/>\n<meta property=\"og:type\" content=\"article\" \/>\n<meta property=\"og:title\" content=\"Bureau d&#039;Ing\u00e9nieurs-G\u00e9om\u00e8tres et G\u00e9om\u00e8tres-Experts - Group SECO\" \/>\n<meta property=\"og:description\" content=\"Before, during, and after your construction projects, our surveyors lay out, survey, and check.\u2028They map the existing situation and provide their technical expertise at every step.\" \/>\n<meta property=\"og:url\" content=\"https:\/\/groupseco.be\/fr\/survey\/\" \/>\n<meta property=\"og:site_name\" content=\"Group SECO\" \/>\n<meta property=\"article:modified_time\" content=\"2025-11-19T14:48:04+00:00\" \/>\n<meta property=\"og:image\" content=\"https:\/\/groupseco.be\/wp-content\/uploads\/2025\/07\/seco_survey.png\" \/>\n\t<meta property=\"og:image:width\" content=\"241\" \/>\n\t<meta property=\"og:image:height\" content=\"142\" \/>\n\t<meta property=\"og:image:type\" content=\"image\/png\" \/>\n<meta name=\"twitter:card\" content=\"summary_large_image\" \/>\n<meta name=\"twitter:label1\" content=\"Dur\u00e9e de lecture estim\u00e9e\" \/>\n\t<meta name=\"twitter:data1\" content=\"1 minute\" \/>\n<script type=\"application\/ld+json\" class=\"yoast-schema-graph\">{\"@context\":\"https:\/\/schema.org\",\"@graph\":[{\"@type\":\"WebPage\",\"@id\":\"https:\/\/groupseco.be\/fr\/survey\/\",\"url\":\"https:\/\/groupseco.be\/fr\/survey\/\",\"name\":\"Bureau d'Ing\u00e9nieurs-G\u00e9om\u00e8tres et G\u00e9om\u00e8tres-Experts - Group SECO\",\"isPartOf\":{\"@id\":\"https:\/\/groupseco.local\/#website\"},\"primaryImageOfPage\":{\"@id\":\"https:\/\/groupseco.be\/fr\/survey\/#primaryimage\"},\"image\":{\"@id\":\"https:\/\/groupseco.be\/fr\/survey\/#primaryimage\"},\"thumbnailUrl\":\"https:\/\/groupseco.be\/wp-content\/uploads\/2025\/07\/seco_survey.png\",\"datePublished\":\"2025-06-23T09:51:41+00:00\",\"dateModified\":\"2025-11-19T14:48:04+00:00\",\"description\":\"Before, during, and after your construction projects, our surveyors lay out, survey, and check.\\u2028They map the existing situation and provide their technical expertise at every step.\",\"breadcrumb\":{\"@id\":\"https:\/\/groupseco.be\/fr\/survey\/#breadcrumb\"},\"inLanguage\":\"fr-FR\",\"potentialAction\":[{\"@type\":\"ReadAction\",\"target\":[\"https:\/\/groupseco.be\/fr\/survey\/\"]}]},{\"@type\":\"ImageObject\",\"inLanguage\":\"fr-FR\",\"@id\":\"https:\/\/groupseco.be\/fr\/survey\/#primaryimage\",\"url\":\"https:\/\/groupseco.be\/wp-content\/uploads\/2025\/07\/seco_survey.png\",\"contentUrl\":\"https:\/\/groupseco.be\/wp-content\/uploads\/2025\/07\/seco_survey.png\",\"width\":241,\"height\":142,\"caption\":\"SECO SURVEY\"},{\"@type\":\"BreadcrumbList\",\"@id\":\"https:\/\/groupseco.be\/fr\/survey\/#breadcrumb\",\"itemListElement\":[{\"@type\":\"ListItem\",\"position\":1,\"name\":\"Home\",\"item\":\"https:\/\/groupseco.be\/fr\/\"},{\"@type\":\"ListItem\",\"position\":2,\"name\":\"Bureau d&#8217;Ing\u00e9nieurs-G\u00e9om\u00e8tres et G\u00e9om\u00e8tres-Experts\"}]},{\"@type\":\"WebSite\",\"@id\":\"https:\/\/groupseco.local\/#website\",\"url\":\"https:\/\/groupseco.local\/\",\"name\":\"SECO Belgium\",\"description\":\"\",\"potentialAction\":[{\"@type\":\"SearchAction\",\"target\":{\"@type\":\"EntryPoint\",\"urlTemplate\":\"https:\/\/groupseco.local\/?s={search_term_string}\"},\"query-input\":{\"@type\":\"PropertyValueSpecification\",\"valueRequired\":true,\"valueName\":\"search_term_string\"}}],\"inLanguage\":\"fr-FR\"}]}<\/script>\n<!-- \/ Yoast SEO plugin. -->","yoast_head_json":{"title":"Bureau d'Ing\u00e9nieurs-G\u00e9om\u00e8tres et G\u00e9om\u00e8tres-Experts - Group SECO","description":"Before, during, and after your construction projects, our surveyors lay out, survey, and check.\u2028They map the existing situation and provide their technical expertise at every step.","robots":{"index":"index","follow":"follow","max-snippet":"max-snippet:-1","max-image-preview":"max-image-preview:large","max-video-preview":"max-video-preview:-1"},"canonical":"https:\/\/groupseco.be\/fr\/survey\/","og_locale":"fr_FR","og_type":"article","og_title":"Bureau d'Ing\u00e9nieurs-G\u00e9om\u00e8tres et G\u00e9om\u00e8tres-Experts - Group SECO","og_description":"Before, during, and after your construction projects, our surveyors lay out, survey, and check.\u2028They map the existing situation and provide their technical expertise at every step.","og_url":"https:\/\/groupseco.be\/fr\/survey\/","og_site_name":"Group SECO","article_modified_time":"2025-11-19T14:48:04+00:00","og_image":[{"width":241,"height":142,"url":"https:\/\/groupseco.be\/wp-content\/uploads\/2025\/07\/seco_survey.png","type":"image\/png"}],"twitter_card":"summary_large_image","twitter_misc":{"Dur\u00e9e de lecture estim\u00e9e":"1 minute"},"schema":{"@context":"https:\/\/schema.org","@graph":[{"@type":"WebPage","@id":"https:\/\/groupseco.be\/fr\/survey\/","url":"https:\/\/groupseco.be\/fr\/survey\/","name":"Bureau d'Ing\u00e9nieurs-G\u00e9om\u00e8tres et G\u00e9om\u00e8tres-Experts - Group SECO","isPartOf":{"@id":"https:\/\/groupseco.local\/#website"},"primaryImageOfPage":{"@id":"https:\/\/groupseco.be\/fr\/survey\/#primaryimage"},"image":{"@id":"https:\/\/groupseco.be\/fr\/survey\/#primaryimage"},"thumbnailUrl":"https:\/\/groupseco.be\/wp-content\/uploads\/2025\/07\/seco_survey.png","datePublished":"2025-06-23T09:51:41+00:00","dateModified":"2025-11-19T14:48:04+00:00","description":"Before, during, and after your construction projects, our surveyors lay out, survey, and check.\u2028They map the existing situation and provide their technical expertise at every step.","breadcrumb":{"@id":"https:\/\/groupseco.be\/fr\/survey\/#breadcrumb"},"inLanguage":"fr-FR","potentialAction":[{"@type":"ReadAction","target":["https:\/\/groupseco.be\/fr\/survey\/"]}]},{"@type":"ImageObject","inLanguage":"fr-FR","@id":"https:\/\/groupseco.be\/fr\/survey\/#primaryimage","url":"https:\/\/groupseco.be\/wp-content\/uploads\/2025\/07\/seco_survey.png","contentUrl":"https:\/\/groupseco.be\/wp-content\/uploads\/2025\/07\/seco_survey.png","width":241,"height":142,"caption":"SECO SURVEY"},{"@type":"BreadcrumbList","@id":"https:\/\/groupseco.be\/fr\/survey\/#breadcrumb","itemListElement":[{"@type":"ListItem","position":1,"name":"Home","item":"https:\/\/groupseco.be\/fr\/"},{"@type":"ListItem","position":2,"name":"Bureau d&#8217;Ing\u00e9nieurs-G\u00e9om\u00e8tres et G\u00e9om\u00e8tres-Experts"}]},{"@type":"WebSite","@id":"https:\/\/groupseco.local\/#website","url":"https:\/\/groupseco.local\/","name":"SECO Belgium","description":"","potentialAction":[{"@type":"SearchAction","target":{"@type":"EntryPoint","urlTemplate":"https:\/\/groupseco.local\/?s={search_term_string}"},"query-input":{"@type":"PropertyValueSpecification","valueRequired":true,"valueName":"search_term_string"}}],"inLanguage":"fr-FR"}]}},"_links":{"self":[{"href":"https:\/\/groupseco.be\/fr\/wp-json\/wp\/v2\/pages\/1749","targetHints":{"allow":["GET"]}}],"collection":[{"href":"https:\/\/groupseco.be\/fr\/wp-json\/wp\/v2\/pages"}],"about":[{"href":"https:\/\/groupseco.be\/fr\/wp-json\/wp\/v2\/types\/page"}],"author":[{"embeddable":true,"href":"https:\/\/groupseco.be\/fr\/wp-json\/wp\/v2\/users\/1"}],"replies":[{"embeddable":true,"href":"https:\/\/groupseco.be\/fr\/wp-json\/wp\/v2\/comments?post=1749"}],"version-history":[{"count":25,"href":"https:\/\/groupseco.be\/fr\/wp-json\/wp\/v2\/pages\/1749\/revisions"}],"predecessor-version":[{"id":3229,"href":"https:\/\/groupseco.be\/fr\/wp-json\/wp\/v2\/pages\/1749\/revisions\/3229"}],"wp:featuredmedia":[{"embeddable":true,"href":"https:\/\/groupseco.be\/fr\/wp-json\/wp\/v2\/media\/1506"}],"wp:attachment":[{"href":"https:\/\/groupseco.be\/fr\/wp-json\/wp\/v2\/media?parent=1749"}],"curies":[{"name":"wp","href":"https:\/\/api.w.org\/{rel}","templated":true}]}}